{"id":47,"date":"2018-09-14T09:29:17","date_gmt":"2018-09-14T07:29:17","guid":{"rendered":"http:\/\/www.oliveira.es\/?page_id=47"},"modified":"2024-10-15T11:40:23","modified_gmt":"2024-10-15T09:40:23","slug":"pagina-1","status":"publish","type":"page","link":"https:\/\/www.oliveira.es\/?page_id=47","title":{"rendered":"Luis \u00c1ngel Oliveira Rodr\u00edguez"},"content":{"rendered":"<p><strong>Ingeniero inform\u00e1tico.<\/strong><\/p>\n<ul>\n<li>Profesor en la Universidad de Oviedo, departamento de Inform\u00e1tica, \u00e1reas de Ingenier\u00eda Telem\u00e1tica y Arquitectura y Tecnolog\u00eda de Computadores. Experto en ciberseguridad, redes y comunicaciones:\n<ul>\n<li>M\u00e1ster de Telecomunicaciones<\/li>\n<li>Grado en Ingenier\u00eda Inform\u00e1tica en Tecnolog\u00edas de la Informaci\u00f3n<\/li>\n<li>Grado en Ingenier\u00eda Inform\u00e1tica del Software<\/li>\n<li>Grado en Ciencia e Ingenier\u00eda de Datos<\/li>\n<\/ul>\n<\/li>\n<li>Profesor tutor en la Universidad Nacional de Educaci\u00f3n a distancia:\n<ul>\n<li>Grado en Ingenier\u00eda de Tecnolog\u00edas de la Informaci\u00f3n<\/li>\n<li>Grado en Ingenier\u00eda Inform\u00e1tica<\/li>\n<\/ul>\n<\/li>\n<li>M\u00e1ster Universitario en Gesti\u00f3n en comunicaci\u00f3n, redes y gesti\u00f3n de contenidos.<\/li>\n<li>M\u00e1ster Universitario en Tecnolog\u00edas de la informaci\u00f3n, comunicaciones y redes m\u00f3viles.<\/li>\n<li>Consultor inform\u00e1tico con m\u00e1s de 25 a\u00f1os de experiencia en TIC en la empresa privada. Experto en desarrollo de software empresarial: ERP, CRM, BI.<\/li>\n<\/ul>\n","protected":false},"excerpt":{"rendered":"<p>Ingeniero inform\u00e1tico. Profesor en la Universidad de Oviedo, departamento de Inform\u00e1tica, \u00e1reas de Ingenier\u00eda Telem\u00e1tica y Arquitectura y Tecnolog\u00eda de Computadores. Experto en ciberseguridad, redes y comunicaciones: M\u00e1ster de Telecomunicaciones Grado en Ingenier\u00eda Inform\u00e1tica en Tecnolog\u00edas de la Informaci\u00f3n Grado en Ingenier\u00eda Inform\u00e1tica del Software Grado en Ciencia e Ingenier\u00eda&hellip; <\/p>\n","protected":false},"author":1,"featured_media":0,"parent":0,"menu_order":0,"comment_status":"closed","ping_status":"closed","template":"","meta":{"_monsterinsights_skip_tracking":false,"_monsterinsights_sitenote_active":false,"_monsterinsights_sitenote_note":"","_monsterinsights_sitenote_category":0,"footnotes":""},"class_list":["post-47","page","type-page","status-publish","hentry"],"_links":{"self":[{"href":"https:\/\/www.oliveira.es\/index.php?rest_route=\/wp\/v2\/pages\/47","targetHints":{"allow":["GET"]}}],"collection":[{"href":"https:\/\/www.oliveira.es\/index.php?rest_route=\/wp\/v2\/pages"}],"about":[{"href":"https:\/\/www.oliveira.es\/index.php?rest_route=\/wp\/v2\/types\/page"}],"author":[{"embeddable":true,"href":"https:\/\/www.oliveira.es\/index.php?rest_route=\/wp\/v2\/users\/1"}],"replies":[{"embeddable":true,"href":"https:\/\/www.oliveira.es\/index.php?rest_route=%2Fwp%2Fv2%2Fcomments&post=47"}],"version-history":[{"count":7,"href":"https:\/\/www.oliveira.es\/index.php?rest_route=\/wp\/v2\/pages\/47\/revisions"}],"predecessor-version":[{"id":2258,"href":"https:\/\/www.oliveira.es\/index.php?rest_route=\/wp\/v2\/pages\/47\/revisions\/2258"}],"wp:attachment":[{"href":"https:\/\/www.oliveira.es\/index.php?rest_route=%2Fwp%2Fv2%2Fmedia&parent=47"}],"curies":[{"name":"wp","href":"https:\/\/api.w.org\/{rel}","templated":true}]}}