{"id":1848,"date":"2017-08-05T12:26:29","date_gmt":"2017-08-05T12:26:29","guid":{"rendered":"https:\/\/demo.themefreesia.com\/idyllic\/?page_id=1848"},"modified":"2019-02-07T17:17:14","modified_gmt":"2019-02-07T16:17:14","slug":"total-support","status":"publish","type":"page","link":"https:\/\/www.oliveira.es\/?page_id=1848","title":{"rendered":"Otros &#8230;"},"content":{"rendered":"<p>Nuevos retos, inquietudes, y cualquier cosa que te haga ir un pasito m\u00e1s all\u00e1. No hay l\u00edmites.<!--more--><\/p>\n<p>Actualmente estas son algunas de las \u00e1reas de mi inter\u00e9s.<\/p>\n<ul>\n<li><strong>IoT<\/strong>. Internet de las cosas. El\u00a0<b>internet de las cosas<\/b>\u00a0(en\u00a0ingl\u00e9s,\u00a0<span lang=\"en\"><i>Internet of Things<\/i><\/span>, abreviado\u00a0<i>IoT<\/i>;<sup id=\"cite_ref-1\" class=\"reference separada\"><\/sup>\u00a0IdC, por sus siglas en\u00a0espa\u00f1ol\u200b) es un concepto que se refiere a la\u00a0interconexi\u00f3n\u00a0digital de objetos cotidianos con\u00a0internet.<sup id=\"cite_ref-Conner_3-0\" class=\"reference separada\"><\/sup>\u200b Alternativamente, el internet de las cosas es la conexi\u00f3n de internet con m\u00e1s cosas u objetos que con personas.\u00a0Tambi\u00e9n, se suele conocer como\u00a0<i>internet de todas las cosas<\/i>\u00a0o\u00a0<i>internet en las cosas<\/i>. Si los objetos de la vida cotidiana tuvieran incorporadas\u00a0etiquetas de radio, podr\u00edan ser identificados y gestionados por otros equipos, de la misma manera que si lo fuesen por seres humanos.<\/li>\n<\/ul>\n<p>Actualmente investigo y desarrollo junto con mis alumnos diferentes proyectos basados en placas Arduinos. Hemos desarrollado diferentes ejemplos reales: proyectos de dom\u00f3tica, parkings inteligentes, invernaderos autoasistidos, etc. Hasta robots para auxilio de astronautas.<\/p>\n<p>En los \u00faltimos a\u00f1os, he desarrollado las pruebas de Arduino para las olimpiadas inform\u00e1ticas. Vamos a por la VIII edici\u00f3n \u00bfte apuntas?<\/p>\n<p>&nbsp;<\/p>\n<ul>\n<li><strong>ITS<\/strong>. Sistemas Inteligentes de tranportes. El concepto de\u00a0<b>Sistemas Inteligentes de Transporte<\/b>\u00a0(SIT) (<a title=\"Idioma ingl\u00e9s\" href=\"https:\/\/es.wikipedia.org\/wiki\/Idioma_ingl%C3%A9s\">Ingl\u00e9s<\/a>:\u00a0<i>Intelligent Transportation Systems<\/i>\u00a0&#8211;\u00a0<b>ITS<\/b>) es un conjunto de soluciones tecnol\u00f3gicas de las\u00a0telecomunicaciones\u00a0y la\u00a0inform\u00e1tica\u00a0(conocida como\u00a0telem\u00e1tica) dise\u00f1adas para mejorar la operaci\u00f3n y seguridad del transporte terrestre, tanto para\u00a0carreteras\u00a0urbanas y rurales, como para\u00a0ferrocarriles. Este conjunto de soluciones telem\u00e1ticas tambi\u00e9n pueden utilizarse en otros modos de transporte, pero su principal desarrollo ha sido orientado al transporte terrestre.<\/li>\n<\/ul>\n<p>&nbsp;<\/p>\n<ul>\n<li><i><b>Big data<\/b><\/i>,\u00a0<b>macrodatos<\/b>,<sup id=\"cite_ref-1\" class=\"reference separada\">\u00a0<\/sup><b>datos masivos<\/b>,\u00a0<b>inteligencia de datos<\/b>\u00a0o\u00a0<b>datos a gran escala<\/b>\u00a0es un concepto que hace referencia a un\u00a0conjuntos de datos\u00a0tan grandes que\u00a0aplicaciones inform\u00e1ticas\u00a0tradicionales de\u00a0procesamiento de datos\u00a0no son suficientes para tratar con ellos y los procedimientos usados para encontrar patrones repetitivos dentro de esos datos.<\/li>\n<\/ul>\n<p>&nbsp;<\/p>\n<ul>\n<li><strong>Cloud computing<\/strong>.\u00a0La\u00a0<b>computaci\u00f3n en la nube<\/b>\u00a0conocida tambi\u00e9n como\u00a0<b>servicios en la nube<\/b>,\u00a0<b>inform\u00e1tica en la nube<\/b>,\u00a0<b>nube de c\u00f3mputo<\/b>,\u00a0<b>nube de conceptos<\/b>\u00a0o simplemente \u00ab<b>la nube<\/b>\u00ab, es un paradigma que permite ofrecer\u00a0servicios\u00a0de computaci\u00f3n a trav\u00e9s de una red, que usualmente es\u00a0Internet. Actualmente form\u00e1ndome en nuevas tecnolog\u00edas: AWS y Azure son mis preferidas.<\/li>\n<\/ul>\n<p>&nbsp;<\/p>\n<ul>\n<li><strong>Seguridad inform\u00e1tica<\/strong>. Desde hace muchos a\u00f1os he aprendido, estudiado e impartido numerosos cursos en el \u00e1mbito de la ciberseguridad. Un tema muy en auge en la actualidad, en el que nunca dejas de aprender&#8230;<\/li>\n<\/ul>\n","protected":false},"excerpt":{"rendered":"<p>Nuevos retos, inquietudes, y cualquier cosa que te haga ir un pasito m\u00e1s all\u00e1. No hay l\u00edmites.<\/p>\n","protected":false},"author":1,"featured_media":1801,"parent":1839,"menu_order":0,"comment_status":"closed","ping_status":"closed","template":"","meta":{"_monsterinsights_skip_tracking":false,"_monsterinsights_sitenote_active":false,"_monsterinsights_sitenote_note":"","_monsterinsights_sitenote_category":0,"footnotes":""},"class_list":["post-1848","page","type-page","status-publish","has-post-thumbnail","hentry"],"_links":{"self":[{"href":"https:\/\/www.oliveira.es\/index.php?rest_route=\/wp\/v2\/pages\/1848","targetHints":{"allow":["GET"]}}],"collection":[{"href":"https:\/\/www.oliveira.es\/index.php?rest_route=\/wp\/v2\/pages"}],"about":[{"href":"https:\/\/www.oliveira.es\/index.php?rest_route=\/wp\/v2\/types\/page"}],"author":[{"embeddable":true,"href":"https:\/\/www.oliveira.es\/index.php?rest_route=\/wp\/v2\/users\/1"}],"replies":[{"embeddable":true,"href":"https:\/\/www.oliveira.es\/index.php?rest_route=%2Fwp%2Fv2%2Fcomments&post=1848"}],"version-history":[{"count":9,"href":"https:\/\/www.oliveira.es\/index.php?rest_route=\/wp\/v2\/pages\/1848\/revisions"}],"predecessor-version":[{"id":2229,"href":"https:\/\/www.oliveira.es\/index.php?rest_route=\/wp\/v2\/pages\/1848\/revisions\/2229"}],"up":[{"embeddable":true,"href":"https:\/\/www.oliveira.es\/index.php?rest_route=\/wp\/v2\/pages\/1839"}],"wp:featuredmedia":[{"embeddable":true,"href":"https:\/\/www.oliveira.es\/index.php?rest_route=\/wp\/v2\/media\/1801"}],"wp:attachment":[{"href":"https:\/\/www.oliveira.es\/index.php?rest_route=%2Fwp%2Fv2%2Fmedia&parent=1848"}],"curies":[{"name":"wp","href":"https:\/\/api.w.org\/{rel}","templated":true}]}}