{"id":1844,"date":"2017-08-05T12:24:54","date_gmt":"2017-08-05T12:24:54","guid":{"rendered":"https:\/\/demo.themefreesia.com\/idyllic\/?page_id=1844"},"modified":"2019-09-06T08:51:45","modified_gmt":"2019-09-06T06:51:45","slug":"modern-style","status":"publish","type":"page","link":"https:\/\/www.oliveira.es\/?page_id=1844","title":{"rendered":"Experiencia"},"content":{"rendered":"<p>M\u00e1s de 20 a\u00f1os de experiencia en el sector de las TIC. Paralelamente ligado a la formaci\u00f3n en diferentes \u00e1mbitos.<br \/>\n<!--more--><\/p>\n<p>Ello me ha permitido adquirir gran experiencia en el trato con el cliente y en la gesti\u00f3n de grupos humanos. He participado en la mecanizaci\u00f3n de gran n\u00famero de empresas. Debido a ello soy amplio conocedor de los procesos de negocio de las empresas y su gesti\u00f3n.<\/p>\n<p>Siempre he compatibilizado la ense\u00f1anza con la actividad profesional. Es la mejor manera de llevar al aula la realidad empresarial. Adem\u00e1s, esto me obliga a estar en reciclaje continuo y seguir esforz\u00e1ndome en aprender cada d\u00eda. Esto es especialmente importante en el sector de las TIC, en el que la evoluci\u00f3n es continua. Suerte que soy un poco <em>geek<\/em>.<\/p>\n<p><strong>Conferencias<\/strong><\/p>\n<ul>\n<li><a href=\"https:\/\/ingenieriainformatica.uniovi.es\/\">EUITIO<\/a>. Universidad de Oviedo<\/li>\n<li>Como profesor invitado en titulaciones universitarias.<\/li>\n<li>Congreso ciberciudadano (Asociaci\u00f3n de amigos de Internet)<\/li>\n<li><a href=\"https:\/\/hackandbeers.es\/events\/hack-beers-oviedo-vol-2\/\">Hack &amp; beers<\/a> (Eventos de ciberseguridad).<\/li>\n<\/ul>\n<p>&nbsp;<\/p>\n<p><strong>1998 &#8211; Actualidad. <a href=\"http:\/\/www.uniovi.es\/\">Universidad de Oviedo<\/a>.<\/strong><\/p>\n<p>Profesor asociado en el departamento de inform\u00e1tica (\u00e1rea Ingenier\u00eda telem\u00e1tica), con docencia asignada en:<\/p>\n<ul>\n<li><a href=\"http:\/\/www.epigijon.uniovi.es\/index.php\/2013-04-12-11-26-07\/master\/127-master-en-ingenieria-de-telecomunicacion\/950-informacion-general\">M\u00e1ster Universitario en Ingenier\u00eda de telecomunicaciones<\/a> (Integraci\u00f3n de sistemas telem\u00e1ticos: sistemas inteligentes de transportes, hogar inteligente, eSalud, cloud computing, &#8230;).<\/li>\n<li><a href=\"http:\/\/www.epigijon.uniovi.es\/index.php\/128-telecomunicacion\/957-telecomunicacion\">Grado en Ingenier\u00eda en Tecnolog\u00edas y Servicios de Telecomunicaci\u00f3n<\/a> (Programaci\u00f3n de servicios de comunicaciones b\u00e1sicos, Fundamentos de telem\u00e1tica)<\/li>\n<li><a href=\"http:\/\/portal.uned.es\/portal\/page?_pageid=93,61703738&amp;_dad=portal&amp;_schema=PORTAL\">UNED. Grado en Ingenier\u00eda en Tecnolog\u00edas de la informaci\u00f3n<\/a> Fundamentos de computadores, seguridad de redes y otras<\/li>\n<\/ul>\n<p><strong>Julio 1999 &#8211; Actualidad. Responsable dpto. Software y Sistemas\/Gerencia. <a href=\"http:\/\/www.sbinario.com\/\">Sistema Binario S.L.<\/a><\/strong><\/p>\n<p>Funciones desarrolladas:<\/p>\n<ul>\n<li>Responsable de \u00e1rea con personal a mi cargo.<\/li>\n<li>Cloud computing. Azure \/ AWS<\/li>\n<li>Administraci\u00f3n de sistemas. Routing, switching. Entornos Windows, Novell, Notes, y otros.<\/li>\n<li>Consultor Sage certificado. Implantaci\u00f3n de ERP\/CRM\/BI. Personalizaci\u00f3n y adaptaci\u00f3n de procesos.<\/li>\n<li>Administraci\u00f3n y explotaci\u00f3n de BBDD. SQL \/ Oracle \/ Velneo<\/li>\n<li>An\u00e1lisis y desarrollo de proyectos de software.<\/li>\n<li>Desarrollo de proyectos con tecnolog\u00edas m\u00f3viles.<\/li>\n<li>Colaboraci\u00f3n desarrollo proyectos Dpto Inform\u00e1tica Universidad de Oviedo. Gesti\u00f3n basada en web y entornos m\u00f3viles. WAP\/WML. PHP + MySQL.<\/li>\n<li>Responsable de producto biNeox. An\u00e1lisis y dise\u00f1o.<\/li>\n<li>Responsable implantaci\u00f3n normas ISO 9000 \/ 20000 \/ 27001<\/li>\n<li>Impartidos cursos especializaci\u00f3n t\u00e9cnica para empresas, a destacar:<br \/>\n&#8211; Oracle \/ JAVA. Dpto. Inform\u00e1tica <a href=\"http:\/\/www.flc.es\/\">Fundaci\u00f3n Laboral de la Construcci\u00f3n<\/a>. Abril- Julio 2000. Noviembre 2000. \u2013 Febrero 2001<br \/>\n&#8211; Curso administraci\u00f3n Windows 2000\/SQL Server 2000. Dpto Inform\u00e1tica <a href=\"https:\/\/www.ngi.es\/\">NGI<\/a>. Febrero 2002.<br \/>\n&#8211; Curso administraci\u00f3n Windows 2000 Server. Dpto Inform\u00e1tica <a href=\"https:\/\/gruposermicro.com\/\">Sermicro<\/a>. <a href=\"http:\/\/formagrupo.com\/\">FORMASTUR<\/a>.<br \/>\n&#8211; Curso administraci\u00f3n Novell 6.0. Dpto. inform\u00e1tica Sermicro \/ El Corte Ingl\u00e9s. Julio 2003.<br \/>\n&#8211; Curso Cliente Notes v6. Junio 2004. Dpto Help Desk <a href=\"https:\/\/www.iecisa.com\/es\/index.html\">El Corte Ingl\u00e9s<\/a><br \/>\n&#8211; Cursos Oracle. Septiembre \/ Octubre 2004. Fundaci\u00f3n Laboral de la Construcci\u00f3n.<br \/>\n&#8211; Curso programaci\u00f3n PL\/SQL ORACLE. Noviembre 2004. Dpto Inform\u00e1tica <a href=\"https:\/\/www.puertogijon.es\/\">Autoridad Portuaria de Asturias.<\/a><br \/>\n&#8211; Cursos tecnolog\u00edas LAN\/WAN Dpto Inform\u00e1tica <a href=\"http:\/\/www.hunosa.es\/metaspace\/portal\/47635\/49800-inicio\">Hunosa<\/a>.<br \/>\n&#8211; Curso Lotus Notes v6.5. Abril 2005. Dpto Inform\u00e1tica <a href=\"https:\/\/www.dfdurofelguera.com\/\">Duro Felguera<\/a>.<br \/>\n&#8211; Curso administraci\u00f3n Lotus Domino v6.5. Mayo 2005. Dpto Inform\u00e1tica Duro Felguera.<br \/>\n&#8211; M\u00faltiples cursos de auditor\u00eda y seguridad inform\u00e1tica. <a href=\"http:\/\/www.amigosnet.org\/\">Asociaci\u00f3n de amigos de internet<\/a>.<\/li>\n<\/ul>\n<p><strong>2015 &#8211; 2019 Vicedecano del Colegio Oficial de Graduados en Ingenier\u00eda Inform\u00e1tica e Ingenieros T\u00e9cnicos en Inform\u00e1tica del Principado de Asturias,\u00a0<acronym title=\"Colegio Oficial de Ingenieros T\u00e9cnicos en Inform\u00e1tica del Principado de Asturias\"><a href=\"http:\/\/www.citipa.org\">CITIPA<\/a>.<\/acronym><\/strong><\/p>\n<p><strong>Noviembre 1998 \u2013 Junio 2001. <a href=\"https:\/\/www.seresco.es\/\">SERESCO<\/a><\/strong><\/p>\n<p>Funciones:<\/p>\n<ul>\n<li>Profesor Ciclos Formativos de grado superior Administraci\u00f3n de Sistemas Inform\u00e1ticos y Desarrollo de Aplicaciones.<\/li>\n<li>Asignaturas impartidas a destacar: Programaci\u00f3n Visual, Redes y Comunicaciones, Administraci\u00f3n Windows NT \/ Novell \/2000 y SGBD&#8217;s. Oracle \/ SQL Server<\/li>\n<\/ul>\n<p><strong>Febrero 1998 \u2013 Julio 1999. Network Sistemas Inform\u00e1ticos. Profesional aut\u00f3nomo.<\/strong><\/p>\n<ul>\n<li>Profesional aut\u00f3nomo y propietario.<\/li>\n<li>Analista \/ Consultor de sistemas.<\/li>\n<\/ul>\n<p><strong>Abril 1997- Enero 1998. Empresa ITC, S.L. <a href=\"https:\/\/itcformacionyconsultoria.com\/\">Instituto Tecnol\u00f3gico del Cant\u00e1brico.<\/a><\/strong><\/p>\n<p>Funciones<\/p>\n<ul>\n<li>Analista\/Programador: Desarrollo de aplicaciones de gesti\u00f3n utilizando lenguajes visuales Delphi y otros: C, C++.<\/li>\n<li>Desarrollo de aplicaciones multimedia: Toolbook. Delphi 3.0.<\/li>\n<li>Desarrollo de aplicaciones Internet. Delphi 3.0. P\u00e1ginas Web HTML.<\/li>\n<li>Administraci\u00f3n, instalaci\u00f3n y mantenimiento de redes locales. Sistemas Novell, NT, Linux, RDSI, Internet.<\/li>\n<li>Como docente impart\u00ed para esta empresa los siguientes cursos:<br \/>\n&#8211; Comunicaciones y Redes Locales. Novell \/ Windows NT (350 horas).<br \/>\n&#8211; Aplicaciones inform\u00e1ticas de oficina. Office 97. (350 horas).<br \/>\n&#8211; Desarrollo de aplicaciones con Delphi. Dpto Inform\u00e1tica INSALUD 1995- Abril 1997. Empresa<\/li>\n<\/ul>\n<p><strong><a href=\"https:\/\/www.neamaster.com\/\">MASTER, S.A. Mecanizaci\u00f3n Asturiana de Empresas<\/a>.<\/strong><\/p>\n<p>Funciones<\/p>\n<ul>\n<li>Docencia<br \/>\nComo docente impart\u00ed para esta empresa los siguientes cursos:<br \/>\n&#8211; Cursos funcionarios del INEM acerca de Lotus Smart Suite (30 h. cada uno)<br \/>\n&#8211; Cursos <a href=\"http:\/\/www.fertiberia.com\/\">Fertiberia<\/a> acerca de Microsoft Office (80 horas cada uno)<br \/>\n&#8211; Curso <a href=\"http:\/\/www.itvasa.es\/\">ITV<\/a> acerca de Office 95 (40 horas)<br \/>\n&#8211; Numerosos cursos de Internet para distintas empresas (20 horas cada uno)<br \/>\n&#8211; Curso Office 95 para la <a href=\"https:\/\/web.fade.es\/es\/\">Federaci\u00f3n Asturiana de Empresarios<\/a> (80 horas)<br \/>\n&#8211; Cursos T\u00e9cnico en Hardware y Equipos Microinform\u00e1ticos para el INEM (800 horas)<br \/>\n&#8211; Cursos Instalaci\u00f3n y Mantenimiento de Equipos microinform\u00e1ticos para la Fundaci\u00f3n de las Comarcas Mineras (250 horas cada uno)<br \/>\n&#8211; Cursos Office para la <a href=\"https:\/\/www.liberbank.es\/cliente\">Caja de Ahorros de Asturias<\/a> (30 horas cada uno)<br \/>\n&#8211; Cursos de redes locales (250 horas)<br \/>\n&#8211; Curso Internet para supermercados ALDI.<\/li>\n<\/ul>\n<p><strong>1994 Laboratorio de CAD de la Universidad de Oviedo<\/strong><\/p>\n<ul>\n<li>Desarrollo de animaciones multimedia.<\/li>\n<\/ul>\n<p><strong>1991-1994 Academia CETA<\/strong><\/p>\n<p>Funciones<\/p>\n<ul>\n<li>Docencia de gran cantidad de cursos en el campo de la inform\u00e1tica<\/li>\n<\/ul>\n","protected":false},"excerpt":{"rendered":"<p>M\u00e1s de 20 a\u00f1os de experiencia en el sector de las TIC. Paralelamente ligado a la formaci\u00f3n en diferentes \u00e1mbitos.<\/p>\n","protected":false},"author":1,"featured_media":1799,"parent":1839,"menu_order":0,"comment_status":"closed","ping_status":"closed","template":"","meta":{"_monsterinsights_skip_tracking":false,"_monsterinsights_sitenote_active":false,"_monsterinsights_sitenote_note":"","_monsterinsights_sitenote_category":0,"footnotes":""},"class_list":["post-1844","page","type-page","status-publish","has-post-thumbnail","hentry"],"_links":{"self":[{"href":"https:\/\/www.oliveira.es\/index.php?rest_route=\/wp\/v2\/pages\/1844"}],"collection":[{"href":"https:\/\/www.oliveira.es\/index.php?rest_route=\/wp\/v2\/pages"}],"about":[{"href":"https:\/\/www.oliveira.es\/index.php?rest_route=\/wp\/v2\/types\/page"}],"author":[{"embeddable":true,"href":"https:\/\/www.oliveira.es\/index.php?rest_route=\/wp\/v2\/users\/1"}],"replies":[{"embeddable":true,"href":"https:\/\/www.oliveira.es\/index.php?rest_route=%2Fwp%2Fv2%2Fcomments&post=1844"}],"version-history":[{"count":13,"href":"https:\/\/www.oliveira.es\/index.php?rest_route=\/wp\/v2\/pages\/1844\/revisions"}],"predecessor-version":[{"id":2245,"href":"https:\/\/www.oliveira.es\/index.php?rest_route=\/wp\/v2\/pages\/1844\/revisions\/2245"}],"up":[{"embeddable":true,"href":"https:\/\/www.oliveira.es\/index.php?rest_route=\/wp\/v2\/pages\/1839"}],"wp:featuredmedia":[{"embeddable":true,"href":"https:\/\/www.oliveira.es\/index.php?rest_route=\/wp\/v2\/media\/1799"}],"wp:attachment":[{"href":"https:\/\/www.oliveira.es\/index.php?rest_route=%2Fwp%2Fv2%2Fmedia&parent=1844"}],"curies":[{"name":"wp","href":"https:\/\/api.w.org\/{rel}","templated":true}]}}