{"id":1841,"date":"2017-08-05T12:23:18","date_gmt":"2017-08-05T12:23:18","guid":{"rendered":"https:\/\/demo.themefreesia.com\/idyllic\/?page_id=1841"},"modified":"2019-09-06T08:52:51","modified_gmt":"2019-09-06T06:52:51","slug":"easy-to-use","status":"publish","type":"page","link":"https:\/\/www.oliveira.es\/?page_id=1841","title":{"rendered":"Logros"},"content":{"rendered":"<p>Estos a\u00f1os me he dedicado a formarme en diferentes materias. Nunca dejo de aprender.<!--more--><\/p>\n<p><strong>Formaci\u00f3n<\/strong><\/p>\n<ul>\n<li>Ingeniero T\u00e9cnico en Inform\u00e1tica de gesti\u00f3n (Universidad de Oviedo)<\/li>\n<li>M\u00e1ster Universitario en Gesti\u00f3n en comunicaci\u00f3n, redes y gesti\u00f3n de contenidos. (UNED)<\/li>\n<li>M\u00e1ster Universitario en Tecnolog\u00edas de la informaci\u00f3n, comunicaciones y redes m\u00f3viles. (Impartido por: Escuela Polit\u00e9cnica de Ingenier\u00eda de Gij\u00f3n, Universidad de Cantabria, Universidad de La Coru\u00f1a, Universidad del Pa\u00eds Vasco, Universidad de Zaragoza) (Pendiente de TFM).<\/li>\n<li>Grado Medio en M\u00fasica, especialidad de viol\u00edn. (Conservatorio Superior de M\u00fasica de Oviedo).<\/li>\n<\/ul>\n<p><strong>M\u00e9ritos Acad\u00e9micos<\/strong><\/p>\n<ul>\n<li><em><strong>Premio Extraordinario Fin de Carrera<\/strong> por la Universidad de Oviedo al mejor expediente<\/em> acad\u00e9mico de la 1\u00aa promoci\u00f3n de Ingenieros T\u00e9cnicos en Inform\u00e1tica.<\/li>\n<li><em><strong>Matr\u00edcula de Honor<\/strong><\/em> en el proyecto fin de carrera por la Escuela de Ingenier\u00eda T\u00e9cnica en Inform\u00e1tica de Oviedo: Sistema Experto de Ayuda a la Composici\u00f3n Musical, realizado en los lenguajes C, Haskell, Delphi.<\/li>\n<li>Beca extraordinaria verano de 1989 para ampliaci\u00f3n de estudios de ingl\u00e9s en el extranjero, concedida por el Ministerio de Educaci\u00f3n y Ciencia por las excelentes calificaciones obtenidas en BUP.<\/li>\n<\/ul>\n<p><strong>Certificaciones principales<\/strong><\/p>\n<ul>\n<li>MCITP-Enterprise Administrator Windows 2008 Server (Microsoft)<\/li>\n<li>CCNA (Cisco)<\/li>\n<li>ISO 27001 Lead Auditor (BSI)<\/li>\n<li>Sage Despachos for Live (Instalaci\u00f3n, configuraci\u00f3n, seguridad, \u00e1rea contable, \u00e1rea laboral)<\/li>\n<li>Scrum Manager<\/li>\n<\/ul>\n<p><strong>Formaci\u00f3n Complementaria (entre otros)<\/strong><\/p>\n<ul>\n<li>Curso de Auditor\u00eda y Control de Sistemas de Informaci\u00f3n<\/li>\n<li>Curso distancia Multimedia, Dise\u00f1o Gr\u00e1fico y Animaci\u00f3n IBM.<\/li>\n<li>Curso perfeccionamiento t\u00e9cnico de formadores (plan FIP) de Administraci\u00f3n Novell Netware. Julio 1997.<\/li>\n<li>Curso Windows NT Technical Support Training.<\/li>\n<li>Curso administraci\u00f3n Windows NT avanzado. Abril 1999.<\/li>\n<li>Curso administraci\u00f3n MS SQL Server 7.0. Febrero 2000<\/li>\n<li>Curso administraci\u00f3n Windows 2000 Server.<\/li>\n<li>Curso programaci\u00f3n Visual JAVA. Julio 2000<\/li>\n<li>Curso programaci\u00f3n JAVA avanzado. Septiembre 2000.<\/li>\n<li>Curso Formaci\u00f3n para formadores. Diciembre 2000.<\/li>\n<li>Curso Small Business Server 2000. Agosto 2001.<\/li>\n<li>Curso ERP Logic Class. Febrero\/Marzo 2003.<\/li>\n<li>Curso Peritajes inform\u00e1ticos. Octubre 2003.<\/li>\n<li>Seminario .NET Day. Diciembre 2003<\/li>\n<li>Accesibilidad en Internet. Febrero 2005<\/li>\n<li>Developer 2000: Forms, Reports y Graphics. Julio 2005<\/li>\n<li>Certificaci\u00f3n de Conocimientos Ofim\u00e1ticos en el Principado de Asturias. Agosto 2005<\/li>\n<li>Redes Cisco CCNA. Septiembre 2005<\/li>\n<li>F20040427.176 Ley de Protecci\u00f3n de Datos. Mayo 2006<\/li>\n<li>Curso Accesibilidad. Febrero 2005.<\/li>\n<li>Curso implantaci\u00f3n LOPD. Mayo 2005.<\/li>\n<li>Curso seguridad redes inal\u00e1mbricas. Octubre 2006.<\/li>\n<li>Curso seguridad en Internet. Noviembre 2006.<\/li>\n<li>Curso Lead Auditor en ISO 27001. Febrero 2007. Auditor certificado por BSI.<\/li>\n<li>Prevenci\u00f3n de Riesgos Laborales. Nivel b\u00e1sico. Septiembre 2007<\/li>\n<li>Auditor de Medio Ambiente: ISO 14001. Septiembre 2007<\/li>\n<li>Velneo V7 para iniciados. Octubre 2008<\/li>\n<li>Instalaci\u00f3n, Configuraci\u00f3n y Mantenimiento de Windows 7. Enero 2011<\/li>\n<li>Windows Server 2008 Active Directory, Configuring. Febrero 2011<\/li>\n<li>Windows Server 2008 Network Infrastucture, Configuring. Febrero 2011<\/li>\n<li>Windows Server 2008 Applications Platform, Configuring. Marzo 2011<\/li>\n<li>Windows Server 2008 Enterprise Administrator. Marzo 2011<\/li>\n<li>MCITP-Enterprise Administrator Windows 2008 Server. Marzo 2011<\/li>\n<li>Social Media y Marketing Online. Mayo 2012<\/li>\n<li><strong>Scrum<\/strong> Manager en Gesti\u00f3n \u00c1gil de Proyectos. Noviembre 2012<\/li>\n<li>Gesti\u00f3n de Proyectos con Scrum Manager. Noviembre 2012<\/li>\n<li>Programaci\u00f3n con <strong>Velneo<\/strong>. Programaci\u00f3n avanzada. Formaci\u00f3n continuada hasta la<br \/>\nactualidad<\/li>\n<li>Programa de certificaci\u00f3n de <strong>Sage<\/strong>. Programaci\u00f3n continuada hasta la actualidad<\/li>\n<li>RGPD. Actualidad<\/li>\n<li>LEAN. Universidad de Oviedo<\/li>\n<\/ul>\n<p><strong>Idiomas<\/strong><\/p>\n<p>Ingl\u00e9s hablado y escrito. Estudios en escuela oficial de idiomas. Estancias en el extranjero.<\/p>\n<p><strong>Otros\u00a0<\/strong><\/p>\n<ul>\n<li>Vicedecano del <a href=\"http:\/\/www.citipa.org\/\"><strong>Colegio oficial de Graduados e Ingenieros T\u00e9cnicos en Inform\u00e1tica del Principado de Asturias<\/strong><\/a>. (CITIPA)<\/li>\n<li>Colaborador activo en el <a href=\"https:\/\/www.lne.es\/blogs\/cronicas-informaticas\/\">blog \u00ab<em>Cr\u00f3nicas Inform\u00e1ticas<\/em>\u00ab<\/a> del peri\u00f3dico digital <a href=\"https:\/\/www.lne.es\/\"><strong>La Nueva Espa\u00f1a<\/strong><\/a>.<\/li>\n<li>Organizador activo de las <a href=\"http:\/\/impulsotic.org\/olimpiadainformatica\/\">Olimpiadas inform\u00e1ticas<\/a> que se celebran anualmente.<\/li>\n<li>Directivo club de f\u00fatbol.<\/li>\n<\/ul>\n","protected":false},"excerpt":{"rendered":"<p>Estos a\u00f1os me he dedicado a formarme en diferentes materias. Nunca dejo de aprender.<\/p>\n","protected":false},"author":1,"featured_media":1798,"parent":1839,"menu_order":0,"comment_status":"closed","ping_status":"closed","template":"","meta":{"_monsterinsights_skip_tracking":false,"_monsterinsights_sitenote_active":false,"_monsterinsights_sitenote_note":"","_monsterinsights_sitenote_category":0,"footnotes":""},"class_list":["post-1841","page","type-page","status-publish","has-post-thumbnail","hentry"],"_links":{"self":[{"href":"https:\/\/www.oliveira.es\/index.php?rest_route=\/wp\/v2\/pages\/1841"}],"collection":[{"href":"https:\/\/www.oliveira.es\/index.php?rest_route=\/wp\/v2\/pages"}],"about":[{"href":"https:\/\/www.oliveira.es\/index.php?rest_route=\/wp\/v2\/types\/page"}],"author":[{"embeddable":true,"href":"https:\/\/www.oliveira.es\/index.php?rest_route=\/wp\/v2\/users\/1"}],"replies":[{"embeddable":true,"href":"https:\/\/www.oliveira.es\/index.php?rest_route=%2Fwp%2Fv2%2Fcomments&post=1841"}],"version-history":[{"count":15,"href":"https:\/\/www.oliveira.es\/index.php?rest_route=\/wp\/v2\/pages\/1841\/revisions"}],"predecessor-version":[{"id":2246,"href":"https:\/\/www.oliveira.es\/index.php?rest_route=\/wp\/v2\/pages\/1841\/revisions\/2246"}],"up":[{"embeddable":true,"href":"https:\/\/www.oliveira.es\/index.php?rest_route=\/wp\/v2\/pages\/1839"}],"wp:featuredmedia":[{"embeddable":true,"href":"https:\/\/www.oliveira.es\/index.php?rest_route=\/wp\/v2\/media\/1798"}],"wp:attachment":[{"href":"https:\/\/www.oliveira.es\/index.php?rest_route=%2Fwp%2Fv2%2Fmedia&parent=1841"}],"curies":[{"name":"wp","href":"https:\/\/api.w.org\/{rel}","templated":true}]}}